{"id":9237,"date":"2024-05-10T19:18:40","date_gmt":"2024-05-10T19:18:40","guid":{"rendered":"https:\/\/ncdsymposiumkosovo.org\/?page_id=9237"},"modified":"2024-05-10T19:25:39","modified_gmt":"2024-05-10T19:25:39","slug":"networking-event","status":"publish","type":"page","link":"https:\/\/ncdsymposiumkosovo.org\/sq\/networking-event\/","title":{"rendered":"Ngjarje Rrjet\u00ebzimit"},"content":{"rendered":"<div data-elementor-type=\"wp-page\" data-elementor-id=\"9237\" class=\"elementor elementor-9237\">\n\t\t\t\t<div class=\"elementor-element elementor-element-a6b53cb e-flex e-con-boxed e-con e-parent\" data-id=\"a6b53cb\" data-element_type=\"container\" data-e-type=\"container\">\n\t\t\t\t\t<div class=\"e-con-inner\">\n\t\t\t\t<div class=\"elementor-element elementor-element-f1d0d32 elementor-widget elementor-widget-heading\" data-id=\"f1d0d32\" data-element_type=\"widget\" data-e-type=\"widget\" data-widget_type=\"heading.default\">\n\t\t\t\t<div class=\"elementor-widget-container\">\n\t\t\t\t\t<h2 class=\"elementor-heading-title elementor-size-default\">Ngjarje Rrjet\u00ebzimit<\/h2>\t\t\t\t<\/div>\n\t\t\t\t<\/div>\n\t\t\t\t<div class=\"elementor-element elementor-element-bafbb70 elementor-widget elementor-widget-text-editor\" data-id=\"bafbb70\" data-element_type=\"widget\" data-e-type=\"widget\" data-widget_type=\"text-editor.default\">\n\t\t\t\t<div class=\"elementor-widget-container\">\n\t\t\t\t\t\t\t\t\t<p>Simpoziumi Nd\u00ebrkomb\u00ebtar p\u00ebr S\u00ebmundjet Jo-Komunikuese organizoi nj\u00eb Ngjarje Rrjet\u00ebzimi duke p\u00ebrfshir\u00eb profesionist\u00eb t\u00eb dalluar.<\/p>\t\t\t\t\t\t\t\t<\/div>\n\t\t\t\t<\/div>\n\t\t\t\t\t<\/div>\n\t\t\t\t<\/div>\n\t\t<div class=\"elementor-element elementor-element-07a5e70 e-flex e-con-boxed e-con e-parent\" data-id=\"07a5e70\" data-element_type=\"container\" data-e-type=\"container\">\n\t\t\t\t\t<div class=\"e-con-inner\">\n\t\t<div class=\"elementor-element elementor-element-f2c3a26 e-con-full e-flex e-con e-child\" data-id=\"f2c3a26\" data-element_type=\"container\" data-e-type=\"container\">\n\t\t\t\t<div class=\"elementor-element elementor-element-aed5938 elementor-widget elementor-widget-image\" data-id=\"aed5938\" data-element_type=\"widget\" data-e-type=\"widget\" data-widget_type=\"image.default\">\n\t\t\t\t<div class=\"elementor-widget-container\">\n\t\t\t\t\t\t\t\t\t\t\t\t\t\t\t<img fetchpriority=\"high\" decoding=\"async\" width=\"904\" height=\"908\" src=\"https:\/\/ncdsymposiumkosovo.org\/wp-content\/uploads\/2024\/05\/Screenshot-2024-05-10-at-9.21.34-PM.png\" class=\"attachment-large size-large wp-image-9240\" alt=\"\" srcset=\"https:\/\/ncdsymposiumkosovo.org\/wp-content\/uploads\/2024\/05\/Screenshot-2024-05-10-at-9.21.34-PM.png 904w, https:\/\/ncdsymposiumkosovo.org\/wp-content\/uploads\/2024\/05\/Screenshot-2024-05-10-at-9.21.34-PM-300x300.png 300w, https:\/\/ncdsymposiumkosovo.org\/wp-content\/uploads\/2024\/05\/Screenshot-2024-05-10-at-9.21.34-PM-150x150.png 150w, https:\/\/ncdsymposiumkosovo.org\/wp-content\/uploads\/2024\/05\/Screenshot-2024-05-10-at-9.21.34-PM-768x771.png 768w, https:\/\/ncdsymposiumkosovo.org\/wp-content\/uploads\/2024\/05\/Screenshot-2024-05-10-at-9.21.34-PM-12x12.png 12w\" sizes=\"(max-width: 904px) 100vw, 904px\" \/>\t\t\t\t\t\t\t\t\t\t\t\t\t\t\t<\/div>\n\t\t\t\t<\/div>\n\t\t\t\t<\/div>\n\t\t<div class=\"elementor-element elementor-element-a426eea e-con-full e-flex e-con e-child\" data-id=\"a426eea\" data-element_type=\"container\" data-e-type=\"container\">\n\t\t\t\t<div class=\"elementor-element elementor-element-c36de09 elementor-widget elementor-widget-text-editor\" data-id=\"c36de09\" data-element_type=\"widget\" data-e-type=\"widget\" data-widget_type=\"text-editor.default\">\n\t\t\t\t<div class=\"elementor-widget-container\">\n\t\t\t\t\t\t\t\t\t<p>Besa Begu - Sh\u00ebndeti Oral dhe S\u00ebmundjet Jo-Ngjit\u00ebse <br \/>Melita Kabashi - Aktiviteti Fizik dhe S\u00ebmundjet Jo-Ngjit\u00ebse\nVala Pupovci - Ushqimi dhe S\u00ebmundjet Jo-Ngjit\u00ebse<\/p>\t\t\t\t\t\t\t\t<\/div>\n\t\t\t\t<\/div>\n\t\t\t\t<\/div>\n\t\t\t\t\t<\/div>\n\t\t\t\t<\/div>\n\t\t<div class=\"elementor-element elementor-element-8772b34 e-flex e-con-boxed e-con e-parent\" data-id=\"8772b34\" data-element_type=\"container\" data-e-type=\"container\">\n\t\t\t\t\t<div class=\"e-con-inner\">\n\t\t\t\t<div class=\"elementor-element elementor-element-610d617 elementor-widget elementor-widget-text-editor\" data-id=\"610d617\" data-element_type=\"widget\" data-e-type=\"widget\" data-widget_type=\"text-editor.default\">\n\t\t\t\t<div class=\"elementor-widget-container\">\n\t\t\t\t\t\t\t\t\t<p>Ky event ofroi nj\u00eb mund\u00ebsi p\u00ebr t\u00eb interaksionuar me fol\u00ebsit e Simpoziumit dhe p\u00ebrfaq\u00ebsuesit nga organizatat nd\u00ebrkomb\u00ebtare kryesore q\u00eb mor\u00ebn pjes\u00eb n\u00eb Simpozium.<\/p>\t\t\t\t\t\t\t\t<\/div>\n\t\t\t\t<\/div>\n\t\t\t\t\t<\/div>\n\t\t\t\t<\/div>\n\t\t\t\t<\/div>","protected":false},"excerpt":{"rendered":"<p>Networking event The International Symposium on NCDs hosted a Networking Event featuring distinguished professionals: Besa Begu &#8211; Oral Health and NCDs Melita Kabashi &#8211; Physical Activity and NCDs Vala Pupovci &#8211; Nutrition and NCDs This event provided an opportunity to interact with the Symposium speakers and representatives from leading international organizations who participated in the&#8230;<\/p>","protected":false},"author":2,"featured_media":0,"parent":0,"menu_order":0,"comment_status":"closed","ping_status":"open","template":"","meta":{"footnotes":""},"class_list":["post-9237","page","type-page","status-publish","hentry"],"jetpack_sharing_enabled":true,"_links":{"self":[{"href":"https:\/\/ncdsymposiumkosovo.org\/sq\/wp-json\/wp\/v2\/pages\/9237","targetHints":{"allow":["GET"]}}],"collection":[{"href":"https:\/\/ncdsymposiumkosovo.org\/sq\/wp-json\/wp\/v2\/pages"}],"about":[{"href":"https:\/\/ncdsymposiumkosovo.org\/sq\/wp-json\/wp\/v2\/types\/page"}],"author":[{"embeddable":true,"href":"https:\/\/ncdsymposiumkosovo.org\/sq\/wp-json\/wp\/v2\/users\/2"}],"replies":[{"embeddable":true,"href":"https:\/\/ncdsymposiumkosovo.org\/sq\/wp-json\/wp\/v2\/comments?post=9237"}],"version-history":[{"count":7,"href":"https:\/\/ncdsymposiumkosovo.org\/sq\/wp-json\/wp\/v2\/pages\/9237\/revisions"}],"predecessor-version":[{"id":9246,"href":"https:\/\/ncdsymposiumkosovo.org\/sq\/wp-json\/wp\/v2\/pages\/9237\/revisions\/9246"}],"wp:attachment":[{"href":"https:\/\/ncdsymposiumkosovo.org\/sq\/wp-json\/wp\/v2\/media?parent=9237"}],"curies":[{"name":"wp","href":"https:\/\/api.w.org\/{rel}","templated":true}]}}