{"id":9192,"date":"2024-05-10T17:56:22","date_gmt":"2024-05-10T17:56:22","guid":{"rendered":"https:\/\/ncdsymposiumkosovo.org\/?page_id=9192"},"modified":"2024-05-10T18:07:03","modified_gmt":"2024-05-10T18:07:03","slug":"pre-symposium-workshops","status":"publish","type":"page","link":"https:\/\/ncdsymposiumkosovo.org\/sq\/pre-symposium-workshops\/","title":{"rendered":"Pre Symposium Workshops"},"content":{"rendered":"<div data-elementor-type=\"wp-page\" data-elementor-id=\"9192\" class=\"elementor elementor-9192\">\n\t\t\t\t<div class=\"elementor-element elementor-element-a6b53cb e-flex e-con-boxed e-con e-parent\" data-id=\"a6b53cb\" data-element_type=\"container\" data-e-type=\"container\">\n\t\t\t\t\t<div class=\"e-con-inner\">\n\t\t\t\t<div class=\"elementor-element elementor-element-f1d0d32 elementor-widget elementor-widget-heading\" data-id=\"f1d0d32\" data-element_type=\"widget\" data-e-type=\"widget\" data-widget_type=\"heading.default\">\n\t\t\t\t<div class=\"elementor-widget-container\">\n\t\t\t\t\t<h2 class=\"elementor-heading-title elementor-size-default\">Pun\u00ebtorit\u00eb para-simpoziumit<\/h2>\t\t\t\t<\/div>\n\t\t\t\t<\/div>\n\t\t\t\t\t<\/div>\n\t\t\t\t<\/div>\n\t\t<div class=\"elementor-element elementor-element-836f9c1 e-flex e-con-boxed e-con e-parent\" data-id=\"836f9c1\" data-element_type=\"container\" data-e-type=\"container\">\n\t\t\t\t\t<div class=\"e-con-inner\">\n\t\t\t\t<div class=\"elementor-element elementor-element-cf3c836 elementor-widget elementor-widget-text-editor\" data-id=\"cf3c836\" data-element_type=\"widget\" data-e-type=\"widget\" data-widget_type=\"text-editor.default\">\n\t\t\t\t<div class=\"elementor-widget-container\">\n\t\t\t\t\t\t\t\t\t<p>P\u00ebr t\u00eb p\u00ebrmbushur Simpoziumin Nd\u00ebrkomb\u00ebtar mbi S\u00ebmundjet Jo-Komunikuese (NCDs), kemi organizuar nj\u00eb seri pun\u00ebtorish para-simpoziumi. Kjo seri dinamike pun\u00ebtorish \u00ebsht\u00eb e dizajnuar p\u00ebr t\u00eb siguruar nj\u00eb platform\u00eb t\u00ebrheq\u00ebse p\u00ebr diskutime t\u00eb thella, nd\u00ebrtim t\u00eb aft\u00ebsive, dhe shk\u00ebmbim t\u00eb njohurive, me q\u00ebllim p\u00ebr t\u00eb p\u00ebrmir\u00ebsuar m\u00eb tej kuptimin dhe qasjen inovative n\u00eb adresimin e NCD-ve.<\/p>\t\t\t\t\t\t\t\t<\/div>\n\t\t\t\t<\/div>\n\t\t\t\t\t<\/div>\n\t\t\t\t<\/div>\n\t\t<div class=\"elementor-element elementor-element-29028e5 e-flex e-con-boxed e-con e-parent\" data-id=\"29028e5\" data-element_type=\"container\" data-e-type=\"container\">\n\t\t\t\t\t<div class=\"e-con-inner\">\n\t\t\t\t<div class=\"elementor-element elementor-element-3506388 elementor-widget elementor-widget-heading\" data-id=\"3506388\" data-element_type=\"widget\" data-e-type=\"widget\" data-widget_type=\"heading.default\">\n\t\t\t\t<div class=\"elementor-widget-container\">\n\t\t\t\t\t<h2 class=\"elementor-heading-title elementor-size-default\">22 \u2013 23 Shtator 2023 <br>\nP\u00ebrmir\u00ebsimi i raportimit t\u00eb sh\u00ebndetit n\u00eb media<\/h2>\t\t\t\t<\/div>\n\t\t\t\t<\/div>\n\t\t\t\t<div class=\"elementor-element elementor-element-a658f0d elementor-widget elementor-widget-text-editor\" data-id=\"a658f0d\" data-element_type=\"widget\" data-e-type=\"widget\" data-widget_type=\"text-editor.default\">\n\t\t\t\t<div class=\"elementor-widget-container\">\n\t\t\t\t\t\t\t\t\t<p>Objektivi kryesor i pun\u00ebtoris\u00eb \u00ebsht\u00eb t\u00eb nd\u00ebrtoj\u00eb ura m\u00eb t\u00eb forta me median p\u00ebr q\u00ebllime t\u00eb informacionit t\u00eb sakt\u00eb dhe arsimit publik, t\u00eb rris\u00eb nd\u00ebrgjegj\u00ebsimin p\u00ebr tema t\u00eb lidhura me sh\u00ebndetin, t\u00eb kund\u00ebrvihet shp\u00ebrndarja e informacionit t\u00eb gabuar, t\u00eb inkurajohen lidhjet e p\u00ebrmir\u00ebsuara mes sektorit t\u00eb sh\u00ebndetit dhe median, t\u00eb theksohen iniciativat kritike dhe t\u00eb p\u00ebrhapet nj\u00eb kultur\u00eb e transparenc\u00ebs n\u00eb raportimin e sh\u00ebndetit. \u00cbsht\u00eb e dizajnuar p\u00ebr gazetar\u00eb, redaktor\u00eb, specialist\u00eb t\u00eb mediave sociale, influencer\u00eb, shoq\u00ebrin\u00eb civile dhe profesionist\u00eb t\u00eb sh\u00ebndetit.<\/p>\t\t\t\t\t\t\t\t<\/div>\n\t\t\t\t<\/div>\n\t\t\t\t<div class=\"elementor-element elementor-element-2381954 elementor-widget elementor-widget-heading\" data-id=\"2381954\" data-element_type=\"widget\" data-e-type=\"widget\" data-widget_type=\"heading.default\">\n\t\t\t\t<div class=\"elementor-widget-container\">\n\t\t\t\t\t<h2 class=\"elementor-heading-title elementor-size-default\">25 \u2013 26 Shtator 2023 <br>\nKujdesi Etik dhe i Cil\u00ebsis\u00eb s\u00eb Lart\u00eb p\u00ebr t\u00eb Gjith\u00eb<\/h2>\t\t\t\t<\/div>\n\t\t\t\t<\/div>\n\t\t\t\t<div class=\"elementor-element elementor-element-211e4c5 elementor-widget elementor-widget-text-editor\" data-id=\"211e4c5\" data-element_type=\"widget\" data-e-type=\"widget\" data-widget_type=\"text-editor.default\">\n\t\t\t\t<div class=\"elementor-widget-container\">\n\t\t\t\t\t\t\t\t\t<p>The goal of this workshop is to emphasize the significance of understanding and advocating for patient rights to foster a patient-centric healthcare environment. Participants will explore patient rights, encompassing legal and ethical dimensions so they are equipped with more information on patient rights advocacy, and thus contribute to a healthcare system that besides medical care also upholds the dignity and well-being of each individual. It is designed for civil society, legal professionals, and healthcare professionals.<\/p>\t\t\t\t\t\t\t\t<\/div>\n\t\t\t\t<\/div>\n\t\t\t\t<div class=\"elementor-element elementor-element-fc1a676 elementor-widget elementor-widget-heading\" data-id=\"fc1a676\" data-element_type=\"widget\" data-e-type=\"widget\" data-widget_type=\"heading.default\">\n\t\t\t\t<div class=\"elementor-widget-container\">\n\t\t\t\t\t<h2 class=\"elementor-heading-title elementor-size-default\">25 \u2013 26 Shtator 2023 <br>\nSpitalet Promovuese t\u00eb Sh\u00ebndetit<\/h2>\t\t\t\t<\/div>\n\t\t\t\t<\/div>\n\t\t\t\t<div class=\"elementor-element elementor-element-35374f7 elementor-widget elementor-widget-text-editor\" data-id=\"35374f7\" data-element_type=\"widget\" data-e-type=\"widget\" data-widget_type=\"text-editor.default\">\n\t\t\t\t<div class=\"elementor-widget-container\">\n\t\t\t\t\t\t\t\t\t<p>Q\u00ebllimi i k\u00ebsaj pun\u00ebtorie \u00ebsht\u00eb t\u00eb avancoj\u00eb kuptimin dhe zbatimin e spitaleve p\u00ebr promovimin e sh\u00ebndetit brenda strukturave tona sh\u00ebndet\u00ebsore; si t\u00eb p\u00ebrshtatim praktikat m\u00eb t\u00eb mira evropiane dhe kuadrin standard dhe aktivitete t\u00eb integruara p\u00ebr promovimin e sh\u00ebndetit brenda ambientit t\u00eb spitalit. N\u00eb kontekstin e Kosov\u00ebs, pun\u00ebtoria gjithashtu do t\u00eb ket\u00eb nj\u00eb fokus t\u00eb ve\u00e7ant\u00eb n\u00eb s\u00ebmundjet jo-komunikuese. \u00cbsht\u00eb e dizajnuar p\u00ebr profesionist\u00ebt e sh\u00ebndetit n\u00eb spital dhe stafin e Ministris\u00eb s\u00eb Sh\u00ebndet\u00ebsis\u00eb.<\/p>\t\t\t\t\t\t\t\t<\/div>\n\t\t\t\t<\/div>\n\t\t\t\t\t<\/div>\n\t\t\t\t<\/div>\n\t\t\t\t<\/div>","protected":false},"excerpt":{"rendered":"<p>Pre-Symposium Workshops To complement the International Symposium on Non-Communicable Diseases (NCDs) we have organized a series of pre-symposium workshops. This dynamic series of workshops is designed to provide an engaging platform for in-depth discussions, skill-building, and knowledge exchange, aimed at further enhancing the understanding of and innovative approach to addressing the NCDs. 22 \u2013 23&#8230;<\/p>","protected":false},"author":2,"featured_media":0,"parent":0,"menu_order":0,"comment_status":"closed","ping_status":"open","template":"","meta":{"footnotes":""},"class_list":["post-9192","page","type-page","status-publish","hentry"],"jetpack_sharing_enabled":true,"_links":{"self":[{"href":"https:\/\/ncdsymposiumkosovo.org\/sq\/wp-json\/wp\/v2\/pages\/9192","targetHints":{"allow":["GET"]}}],"collection":[{"href":"https:\/\/ncdsymposiumkosovo.org\/sq\/wp-json\/wp\/v2\/pages"}],"about":[{"href":"https:\/\/ncdsymposiumkosovo.org\/sq\/wp-json\/wp\/v2\/types\/page"}],"author":[{"embeddable":true,"href":"https:\/\/ncdsymposiumkosovo.org\/sq\/wp-json\/wp\/v2\/users\/2"}],"replies":[{"embeddable":true,"href":"https:\/\/ncdsymposiumkosovo.org\/sq\/wp-json\/wp\/v2\/comments?post=9192"}],"version-history":[{"count":10,"href":"https:\/\/ncdsymposiumkosovo.org\/sq\/wp-json\/wp\/v2\/pages\/9192\/revisions"}],"predecessor-version":[{"id":9206,"href":"https:\/\/ncdsymposiumkosovo.org\/sq\/wp-json\/wp\/v2\/pages\/9192\/revisions\/9206"}],"wp:attachment":[{"href":"https:\/\/ncdsymposiumkosovo.org\/sq\/wp-json\/wp\/v2\/media?parent=9192"}],"curies":[{"name":"wp","href":"https:\/\/api.w.org\/{rel}","templated":true}]}}